{"id":263,"date":"2024-11-21T01:09:16","date_gmt":"2024-11-21T01:09:16","guid":{"rendered":"https:\/\/sustentapro.cl\/?page_id=263"},"modified":"2024-11-28T17:21:59","modified_gmt":"2024-11-28T17:21:59","slug":"nosotros","status":"publish","type":"page","link":"https:\/\/sustentapro.cl\/index.php\/nosotros\/","title":{"rendered":"Nosotros"},"content":{"rendered":"\t\t<div data-elementor-type=\"wp-page\" data-elementor-id=\"263\" class=\"elementor elementor-263\" data-elementor-post-type=\"page\">\n\t\t\t\t<div class=\"elementor-element elementor-element-535f9b48 e-flex e-con-boxed e-con e-parent\" data-id=\"535f9b48\" data-element_type=\"container\" data-settings=\"{&quot;background_background&quot;:&quot;classic&quot;}\">\n\t\t\t\t\t<div class=\"e-con-inner\">\n\t\t<div class=\"elementor-element elementor-element-61b0d4ac e-flex e-con-boxed e-con e-child\" data-id=\"61b0d4ac\" data-element_type=\"container\">\n\t\t\t\t\t<div class=\"e-con-inner\">\n\t\t\t\t<div class=\"elementor-element elementor-element-27d19b6e elementor-widget elementor-widget-heading\" data-id=\"27d19b6e\" data-element_type=\"widget\" data-widget_type=\"heading.default\">\n\t\t\t\t<div class=\"elementor-widget-container\">\n\t\t\t<h1 class=\"elementor-heading-title elementor-size-default\">Nosotros<\/h1>\t\t<\/div>\n\t\t\t\t<\/div>\n\t\t\t\t<div class=\"elementor-element elementor-element-4a4d6216 elementor-widget elementor-widget-text-editor\" data-id=\"4a4d6216\" data-element_type=\"widget\" data-widget_type=\"text-editor.default\">\n\t\t\t\t<div class=\"elementor-widget-container\">\n\t\t\t\t\t\t\t<p><a href=\"#\">Home<\/a> &gt; Nosotros<\/p>\t\t\t\t\t\t<\/div>\n\t\t\t\t<\/div>\n\t\t\t\t\t<\/div>\n\t\t\t\t<\/div>\n\t\t\t\t\t<\/div>\n\t\t\t\t<\/div>\n\t\t<div class=\"elementor-element elementor-element-43a29178 e-flex e-con-boxed e-con e-parent\" data-id=\"43a29178\" data-element_type=\"container\">\n\t\t\t\t\t<div class=\"e-con-inner\">\n\t\t<div class=\"elementor-element elementor-element-481d7e8 e-con-full e-flex e-con e-child\" data-id=\"481d7e8\" data-element_type=\"container\">\n\t\t<div class=\"elementor-element elementor-element-3739f28 e-flex e-con-boxed e-con e-child\" data-id=\"3739f28\" data-element_type=\"container\">\n\t\t\t\t\t<div class=\"e-con-inner\">\n\t\t<div class=\"elementor-element elementor-element-c9c95f6 e-con-full e-flex e-con e-child\" data-id=\"c9c95f6\" data-element_type=\"container\" data-settings=\"{&quot;background_background&quot;:&quot;classic&quot;,&quot;position&quot;:&quot;absolute&quot;}\">\n\t\t\t\t<div class=\"elementor-element elementor-element-166ecfd elementor-widget elementor-widget-rkit-animated-heading\" data-id=\"166ecfd\" data-element_type=\"widget\" data-widget_type=\"rkit-animated-heading.default\">\n\t\t\t\t<div class=\"elementor-widget-container\">\n\t\t\t        <a >\n            <h3 class=\"rkit-animated-heading\" data-duration=\"5000\">\n                <p class='rkit-animated-heading__text text-sliding_down' data-type='[&quot;10+&quot;]'><\/p> A\u00f1os            <\/h3>\n        <\/a>\n\t\t<\/div>\n\t\t\t\t<\/div>\n\t\t\t\t<\/div>\n\t\t\t\t<div class=\"elementor-element elementor-element-05afcdb elementor-widget elementor-widget-image\" data-id=\"05afcdb\" data-element_type=\"widget\" data-widget_type=\"image.default\">\n\t\t\t\t<div class=\"elementor-widget-container\">\n\t\t\t\t\t\t\t\t\t\t\t\t\t<img fetchpriority=\"high\" decoding=\"async\" width=\"1280\" height=\"1280\" src=\"https:\/\/sustentapro.cl\/wp-content\/uploads\/2024\/11\/WhatsApp-Image-2024-11-18-at-17.36.58.jpeg\" class=\"attachment-full size-full wp-image-246\" alt=\"\" srcset=\"https:\/\/sustentapro.cl\/wp-content\/uploads\/2024\/11\/WhatsApp-Image-2024-11-18-at-17.36.58.jpeg 1280w, https:\/\/sustentapro.cl\/wp-content\/uploads\/2024\/11\/WhatsApp-Image-2024-11-18-at-17.36.58-300x300.jpeg 300w, https:\/\/sustentapro.cl\/wp-content\/uploads\/2024\/11\/WhatsApp-Image-2024-11-18-at-17.36.58-1024x1024.jpeg 1024w, https:\/\/sustentapro.cl\/wp-content\/uploads\/2024\/11\/WhatsApp-Image-2024-11-18-at-17.36.58-150x150.jpeg 150w, https:\/\/sustentapro.cl\/wp-content\/uploads\/2024\/11\/WhatsApp-Image-2024-11-18-at-17.36.58-768x768.jpeg 768w\" sizes=\"(max-width: 1280px) 100vw, 1280px\" \/>\t\t\t\t\t\t\t\t\t\t\t\t\t<\/div>\n\t\t\t\t<\/div>\n\t\t<div class=\"elementor-element elementor-element-455fbca e-con-full e-flex e-con e-child\" data-id=\"455fbca\" data-element_type=\"container\" data-settings=\"{&quot;background_background&quot;:&quot;classic&quot;}\">\n\t\t\t\t<div class=\"elementor-element elementor-element-c3f77f0 elementor-widget elementor-widget-rkit-line-chart\" data-id=\"c3f77f0\" data-element_type=\"widget\" data-widget_type=\"rkit-line-chart.default\">\n\t\t\t\t<div class=\"elementor-widget-container\">\n\t\t\t        <div class=\"rkit-linechart-container\">\n            <canvas id=\"lineChart\" width=\"600\" height=\"400\" data-name=\"Solar energy demand\" data-label=\"[&quot;2021&quot;,&quot;2022&quot;,&quot;2023&quot;,&quot;2024&quot;]\" data-datasets=\"{&quot;label&quot;:&quot;Solar energy demand&quot;,&quot;data&quot;:[10,20,15,30],&quot;pointBackgroundColor&quot;:&quot;#FFFFFF&quot;,&quot;borderColor&quot;:&quot;#FFFFFF&quot;,&quot;borderWidth&quot;:1,&quot;hoverBackgroundColor&quot;:&quot;rgba(75, 192, 192, 1)&quot;,&quot;hoverBorderColor&quot;:&quot;rgba(75, 192, 192, 1)&quot;,&quot;hoverBorderWidth&quot;:&quot;&quot;,&quot;pointRadius&quot;:3,&quot;pointHoverRadius&quot;:4,&quot;pointStyle&quot;:&quot;circle&quot;,&quot;tension&quot;:0.1000000000000000055511151231257827021181583404541015625,&quot;fill&quot;:true,&quot;backgroundColor&quot;:&quot;#FFFFFF42&quot;,&quot;showLine&quot;:true}\" data-scales=\"{&quot;x&quot;:{&quot;beginAtZero&quot;:true,&quot;display&quot;:true,&quot;ticks&quot;:{&quot;color&quot;:&quot;#FFFFFF&quot;,&quot;font&quot;:{&quot;family&quot;:&quot;&#039;Open Sans&#039;, sans-serif&quot;,&quot;size&quot;:12,&quot;style&quot;:&quot;normal&quot;,&quot;weight&quot;:&quot;400&quot;}},&quot;grid&quot;:{&quot;display&quot;:true,&quot;color&quot;:&quot;#FFFFFF&quot;}},&quot;y&quot;:{&quot;beginAtZero&quot;:true,&quot;display&quot;:true,&quot;ticks&quot;:{&quot;color&quot;:&quot;#FFFFFF&quot;,&quot;font&quot;:{&quot;family&quot;:&quot;&#039;Open Sans&#039;, sans-serif&quot;,&quot;size&quot;:12,&quot;style&quot;:&quot;normal&quot;,&quot;weight&quot;:&quot;400&quot;}},&quot;grid&quot;:{&quot;display&quot;:true,&quot;color&quot;:&quot;#FFFFFF&quot;}}}\" data-legend=\"{&quot;display&quot;:true,&quot;position&quot;:&quot;top&quot;,&quot;labels&quot;:{&quot;color&quot;:&quot;#FFFFFF&quot;,&quot;font&quot;:{&quot;family&quot;:&quot;Exo&quot;,&quot;size&quot;:14,&quot;style&quot;:&quot;normal&quot;,&quot;weight&quot;:&quot;500&quot;}}}\" style=\"width: 100%; aspect-ratio:3\/2;\"><\/canvas>\n        <\/div>\n\t\t<\/div>\n\t\t\t\t<\/div>\n\t\t\t\t<\/div>\n\t\t\t\t\t<\/div>\n\t\t\t\t<\/div>\n\t\t<div class=\"elementor-element elementor-element-4f0fc59 e-flex e-con-boxed e-con e-child\" data-id=\"4f0fc59\" data-element_type=\"container\">\n\t\t\t\t\t<div class=\"e-con-inner\">\n\t\t\t\t<div class=\"elementor-element elementor-element-6257d1d elementor-widget elementor-widget-heading\" data-id=\"6257d1d\" data-element_type=\"widget\" data-widget_type=\"heading.default\">\n\t\t\t\t<div class=\"elementor-widget-container\">\n\t\t\t<h6 class=\"elementor-heading-title elementor-size-default\">Nosotros<\/h6>\t\t<\/div>\n\t\t\t\t<\/div>\n\t\t\t\t<div class=\"elementor-element elementor-element-20f56e1 animated-slow elementor-invisible elementor-widget elementor-widget-heading\" data-id=\"20f56e1\" data-element_type=\"widget\" data-settings=\"{&quot;_animation&quot;:&quot;fadeInUp&quot;}\" data-widget_type=\"heading.default\">\n\t\t\t\t<div class=\"elementor-widget-container\">\n\t\t\t<h2 class=\"elementor-heading-title elementor-size-default\">Energ\u00eda sostenible, infinitas posibilidades<\/h2>\t\t<\/div>\n\t\t\t\t<\/div>\n\t\t\t\t<div class=\"elementor-element elementor-element-e140554 elementor-widget elementor-widget-text-editor\" data-id=\"e140554\" data-element_type=\"widget\" data-widget_type=\"text-editor.default\">\n\t\t\t\t<div class=\"elementor-widget-container\">\n\t\t\t\t\t\t\tEn Sustentapro SPA, somos especialistas en soluciones constructivas y de mantenimiento en instalaciones electromec\u00e1nicas, con un fuerte enfoque en proyectos de energ\u00edas renovables. Nuestro compromiso es ofrecer servicios de excelencia, cuidando el medio ambiente y superando las expectativas de nuestros clientes.\t\t\t\t\t\t<\/div>\n\t\t\t\t<\/div>\n\t\t<div class=\"elementor-element elementor-element-1a1e19b e-con-full e-flex e-con e-child\" data-id=\"1a1e19b\" data-element_type=\"container\" data-settings=\"{&quot;background_background&quot;:&quot;classic&quot;}\">\n\t\t<div class=\"elementor-element elementor-element-05e9edf e-flex e-con-boxed e-con e-child\" data-id=\"05e9edf\" data-element_type=\"container\">\n\t\t\t\t\t<div class=\"e-con-inner\">\n\t\t\t\t<div class=\"elementor-element elementor-element-5906748 elementor-view-stacked elementor-position-left elementor-vertical-align-middle elementor-shape-circle elementor-mobile-position-top elementor-widget elementor-widget-icon-box\" data-id=\"5906748\" data-element_type=\"widget\" data-widget_type=\"icon-box.default\">\n\t\t\t\t<div class=\"elementor-widget-container\">\n\t\t\t\t\t<div class=\"elementor-icon-box-wrapper\">\n\n\t\t\t\t\t\t<div class=\"elementor-icon-box-icon\">\n\t\t\t\t<span  class=\"elementor-icon elementor-animation-\">\n\t\t\t\t<i aria-hidden=\"true\" class=\"rtmicon rtmicon-architectural-design\"><\/i>\t\t\t\t<\/span>\n\t\t\t<\/div>\n\t\t\t\n\t\t\t\t\t\t<div class=\"elementor-icon-box-content\">\n\n\t\t\t\t\t\t\t\t\t<h3 class=\"elementor-icon-box-title\">\n\t\t\t\t\t\t<span  >\n\t\t\t\t\t\t\t20+\t\t\t\t\t\t<\/span>\n\t\t\t\t\t<\/h3>\n\t\t\t\t\n\t\t\t\t\t\t\t\t\t<p class=\"elementor-icon-box-description\">\n\t\t\t\t\t\tProyectos realizados\t\t\t\t\t<\/p>\n\t\t\t\t\n\t\t\t<\/div>\n\t\t\t\n\t\t<\/div>\n\t\t\t\t<\/div>\n\t\t\t\t<\/div>\n\t\t\t\t\t<\/div>\n\t\t\t\t<\/div>\n\t\t\t\t<\/div>\n\t\t\t\t<div class=\"elementor-element elementor-element-72f3ae5 elementor-widget elementor-widget-text-editor\" data-id=\"72f3ae5\" data-element_type=\"widget\" data-widget_type=\"text-editor.default\">\n\t\t\t\t<div class=\"elementor-widget-container\">\n\t\t\t\t\t\t\tContamos con un equipo de profesionales altamente capacitados en construcci\u00f3n, electricidad e ingenier\u00eda, con experiencia en proyectos de gran envergadura. Nuestra meta es brindar soluciones personalizadas que se adapten a las necesidades espec\u00edficas de cada cliente.\n\t\t\t\t\t\t<\/div>\n\t\t\t\t<\/div>\n\t\t\t\t<div class=\"elementor-element elementor-element-9dc4616 elementor-tablet-align-center elementor-align-center elementor-widget elementor-widget-button\" data-id=\"9dc4616\" data-element_type=\"widget\" data-widget_type=\"button.default\">\n\t\t\t\t<div class=\"elementor-widget-container\">\n\t\t\t\t\t\t\t<div class=\"elementor-button-wrapper\">\n\t\t\t\t\t<a class=\"elementor-button elementor-button-link elementor-size-sm elementor-animation-grow\" href=\"#\">\n\t\t\t\t\t\t<span class=\"elementor-button-content-wrapper\">\n\t\t\t\t\t\t\t\t\t<span class=\"elementor-button-text\">Quienes somos<\/span>\n\t\t\t\t\t<\/span>\n\t\t\t\t\t<\/a>\n\t\t\t\t<\/div>\n\t\t\t\t\t\t<\/div>\n\t\t\t\t<\/div>\n\t\t\t\t\t<\/div>\n\t\t\t\t<\/div>\n\t\t\t\t<\/div>\n\t\t\t\t\t<\/div>\n\t\t\t\t<\/div>\n\t\t<div class=\"elementor-element elementor-element-63383606 e-flex e-con-boxed e-con e-parent\" data-id=\"63383606\" data-element_type=\"container\" data-settings=\"{&quot;background_background&quot;:&quot;classic&quot;}\">\n\t\t\t\t\t<div class=\"e-con-inner\">\n\t\t<div class=\"elementor-element elementor-element-5d453abc e-con-full e-flex e-con e-child\" data-id=\"5d453abc\" data-element_type=\"container\">\n\t\t\t\t<div class=\"elementor-element elementor-element-19e74211 elementor-widget elementor-widget-heading\" data-id=\"19e74211\" data-element_type=\"widget\" data-widget_type=\"heading.default\">\n\t\t\t\t<div class=\"elementor-widget-container\">\n\t\t\t<h6 class=\"elementor-heading-title elementor-size-default\">\u00bf Por qu\u00e9 nosotros?<\/h6>\t\t<\/div>\n\t\t\t\t<\/div>\n\t\t\t\t<div class=\"elementor-element elementor-element-2d91438c animated-slow elementor-invisible elementor-widget elementor-widget-heading\" data-id=\"2d91438c\" data-element_type=\"widget\" data-settings=\"{&quot;_animation&quot;:&quot;fadeInUp&quot;}\" data-widget_type=\"heading.default\">\n\t\t\t\t<div class=\"elementor-widget-container\">\n\t\t\t<h2 class=\"elementor-heading-title elementor-size-default\">Experiencia<\/h2>\t\t<\/div>\n\t\t\t\t<\/div>\n\t\t\t\t<\/div>\n\t\t<div class=\"elementor-element elementor-element-1ce74aaa e-con-full e-flex e-con e-child\" data-id=\"1ce74aaa\" data-element_type=\"container\">\n\t\t<div class=\"elementor-element elementor-element-6617559d e-con-full e-flex e-con e-child\" data-id=\"6617559d\" data-element_type=\"container\">\n\t\t\t\t<div class=\"elementor-element elementor-element-4d6778ed elementor-widget elementor-widget-counter\" data-id=\"4d6778ed\" data-element_type=\"widget\" data-widget_type=\"counter.default\">\n\t\t\t\t<div class=\"elementor-widget-container\">\n\t\t\t\t\t<div class=\"elementor-counter\">\n\t\t\t\t\t\t<div class=\"elementor-counter-number-wrapper\">\n\t\t\t\t<span class=\"elementor-counter-number-prefix\"><\/span>\n\t\t\t\t<span class=\"elementor-counter-number\" data-duration=\"2000\" data-to-value=\"10\" data-from-value=\"0\" data-delimiter=\",\">0<\/span>\n\t\t\t\t<span class=\"elementor-counter-number-suffix\"><\/span>\n\t\t\t<\/div>\n\t\t<\/div>\n\t\t\t\t<\/div>\n\t\t\t\t<\/div>\n\t\t\t\t<div class=\"elementor-element elementor-element-559afbcd elementor-widget elementor-widget-heading\" data-id=\"559afbcd\" data-element_type=\"widget\" data-widget_type=\"heading.default\">\n\t\t\t\t<div class=\"elementor-widget-container\">\n\t\t\t<p class=\"elementor-heading-title elementor-size-default\">a\u00f1os de experiencia en servicios de energ\u00eda solar<\/p>\t\t<\/div>\n\t\t\t\t<\/div>\n\t\t\t\t<\/div>\n\t\t<div class=\"elementor-element elementor-element-22b230ca e-con-full e-flex e-con e-child\" data-id=\"22b230ca\" data-element_type=\"container\">\n\t\t\t\t<div class=\"elementor-element elementor-element-415a661c elementor-widget elementor-widget-counter\" data-id=\"415a661c\" data-element_type=\"widget\" data-widget_type=\"counter.default\">\n\t\t\t\t<div class=\"elementor-widget-container\">\n\t\t\t\t\t<div class=\"elementor-counter\">\n\t\t\t\t\t\t<div class=\"elementor-counter-number-wrapper\">\n\t\t\t\t<span class=\"elementor-counter-number-prefix\"><\/span>\n\t\t\t\t<span class=\"elementor-counter-number\" data-duration=\"2000\" data-to-value=\"800\" data-from-value=\"0\" data-delimiter=\",\">0<\/span>\n\t\t\t\t<span class=\"elementor-counter-number-suffix\"><\/span>\n\t\t\t<\/div>\n\t\t<\/div>\n\t\t\t\t<\/div>\n\t\t\t\t<\/div>\n\t\t\t\t<div class=\"elementor-element elementor-element-36be402f elementor-widget elementor-widget-heading\" data-id=\"36be402f\" data-element_type=\"widget\" data-widget_type=\"heading.default\">\n\t\t\t\t<div class=\"elementor-widget-container\">\n\t\t\t<p class=\"elementor-heading-title elementor-size-default\">M\u00e1s de 800 clientes han utilizado nuestros servicios.<\/p>\t\t<\/div>\n\t\t\t\t<\/div>\n\t\t\t\t<\/div>\n\t\t<div class=\"elementor-element elementor-element-1bea1024 e-con-full e-flex e-con e-child\" data-id=\"1bea1024\" data-element_type=\"container\">\n\t\t\t\t<div class=\"elementor-element elementor-element-42dca6fe elementor-widget elementor-widget-counter\" data-id=\"42dca6fe\" data-element_type=\"widget\" data-widget_type=\"counter.default\">\n\t\t\t\t<div class=\"elementor-widget-container\">\n\t\t\t\t\t<div class=\"elementor-counter\">\n\t\t\t\t\t\t<div class=\"elementor-counter-number-wrapper\">\n\t\t\t\t<span class=\"elementor-counter-number-prefix\"><\/span>\n\t\t\t\t<span class=\"elementor-counter-number\" data-duration=\"2000\" data-to-value=\"10\" data-from-value=\"0\" data-delimiter=\",\">0<\/span>\n\t\t\t\t<span class=\"elementor-counter-number-suffix\"><\/span>\n\t\t\t<\/div>\n\t\t<\/div>\n\t\t\t\t<\/div>\n\t\t\t\t<\/div>\n\t\t\t\t<div class=\"elementor-element elementor-element-1b48eaea elementor-widget elementor-widget-heading\" data-id=\"1b48eaea\" data-element_type=\"widget\" data-widget_type=\"heading.default\">\n\t\t\t\t<div class=\"elementor-widget-container\">\n\t\t\t<p class=\"elementor-heading-title elementor-size-default\">A\u00f1os de gesti\u00f3n de riesgos para la energ\u00eda solar.<\/p>\t\t<\/div>\n\t\t\t\t<\/div>\n\t\t\t\t<\/div>\n\t\t<div class=\"elementor-element elementor-element-1881d70a e-con-full e-flex e-con e-child\" data-id=\"1881d70a\" data-element_type=\"container\">\n\t\t\t\t<div class=\"elementor-element elementor-element-28b0de72 elementor-widget elementor-widget-counter\" data-id=\"28b0de72\" data-element_type=\"widget\" data-widget_type=\"counter.default\">\n\t\t\t\t<div class=\"elementor-widget-container\">\n\t\t\t\t\t<div class=\"elementor-counter\">\n\t\t\t\t\t\t<div class=\"elementor-counter-number-wrapper\">\n\t\t\t\t<span class=\"elementor-counter-number-prefix\"><\/span>\n\t\t\t\t<span class=\"elementor-counter-number\" data-duration=\"2000\" data-to-value=\"25\" data-from-value=\"0\" data-delimiter=\",\">0<\/span>\n\t\t\t\t<span class=\"elementor-counter-number-suffix\"><\/span>\n\t\t\t<\/div>\n\t\t<\/div>\n\t\t\t\t<\/div>\n\t\t\t\t<\/div>\n\t\t\t\t<div class=\"elementor-element elementor-element-472be1aa elementor-widget elementor-widget-heading\" data-id=\"472be1aa\" data-element_type=\"widget\" data-widget_type=\"heading.default\">\n\t\t\t\t<div class=\"elementor-widget-container\">\n\t\t\t<p class=\"elementor-heading-title elementor-size-default\">Proyectos Realizados<\/p>\t\t<\/div>\n\t\t\t\t<\/div>\n\t\t\t\t<\/div>\n\t\t\t\t<\/div>\n\t\t\t\t\t<\/div>\n\t\t\t\t<\/div>\n\t\t<div class=\"elementor-element elementor-element-65516881 e-flex e-con-boxed e-con e-parent\" data-id=\"65516881\" data-element_type=\"container\">\n\t\t\t\t\t<div class=\"e-con-inner\">\n\t\t<div class=\"elementor-element elementor-element-78a3e0fd e-flex e-con-boxed e-con e-child\" data-id=\"78a3e0fd\" data-element_type=\"container\">\n\t\t\t\t\t<div class=\"e-con-inner\">\n\t\t\t\t<div class=\"elementor-element elementor-element-3c3351aa elementor-widget elementor-widget-heading\" data-id=\"3c3351aa\" data-element_type=\"widget\" data-widget_type=\"heading.default\">\n\t\t\t\t<div class=\"elementor-widget-container\">\n\t\t\t<h6 class=\"elementor-heading-title elementor-size-default\">nuestro proceso de trabajo<\/h6>\t\t<\/div>\n\t\t\t\t<\/div>\n\t\t\t\t<div class=\"elementor-element elementor-element-375806ee animated-slow elementor-invisible elementor-widget elementor-widget-heading\" data-id=\"375806ee\" data-element_type=\"widget\" data-settings=\"{&quot;_animation&quot;:&quot;fadeInUp&quot;}\" data-widget_type=\"heading.default\">\n\t\t\t\t<div class=\"elementor-widget-container\">\n\t\t\t<h2 class=\"elementor-heading-title elementor-size-default\">Iluminando un futuro m\u00e1s verde<\/h2>\t\t<\/div>\n\t\t\t\t<\/div>\n\t\t<div class=\"elementor-element elementor-element-5f46e521 e-con-full e-flex e-con e-child\" data-id=\"5f46e521\" data-element_type=\"container\">\n\t\t<div class=\"elementor-element elementor-element-77443436 e-con-full e-flex e-con e-child\" data-id=\"77443436\" data-element_type=\"container\">\n\t\t\t\t<div class=\"elementor-element elementor-element-490b1db2 elementor-widget elementor-widget-heading\" data-id=\"490b1db2\" data-element_type=\"widget\" data-widget_type=\"heading.default\">\n\t\t\t\t<div class=\"elementor-widget-container\">\n\t\t\t<h3 class=\"elementor-heading-title elementor-size-default\">01<\/h3>\t\t<\/div>\n\t\t\t\t<\/div>\n\t\t\t\t<\/div>\n\t\t<div class=\"elementor-element elementor-element-6ecb24d6 e-con-full e-flex e-con e-child\" data-id=\"6ecb24d6\" data-element_type=\"container\">\n\t\t\t\t<div class=\"elementor-element elementor-element-3f975555 elementor-widget elementor-widget-heading\" data-id=\"3f975555\" data-element_type=\"widget\" data-widget_type=\"heading.default\">\n\t\t\t\t<div class=\"elementor-widget-container\">\n\t\t\t<h4 class=\"elementor-heading-title elementor-size-default\">Consulta y evaluaci\u00f3n <\/h4>\t\t<\/div>\n\t\t\t\t<\/div>\n\t\t\t\t<\/div>\n\t\t\t\t<\/div>\n\t\t<div class=\"elementor-element elementor-element-677aafe6 e-con-full e-flex e-con e-child\" data-id=\"677aafe6\" data-element_type=\"container\">\n\t\t<div class=\"elementor-element elementor-element-6b70f0b8 e-con-full e-flex e-con e-child\" data-id=\"6b70f0b8\" data-element_type=\"container\">\n\t\t\t\t<div class=\"elementor-element elementor-element-7c9eceff elementor-widget elementor-widget-heading\" data-id=\"7c9eceff\" data-element_type=\"widget\" data-widget_type=\"heading.default\">\n\t\t\t\t<div class=\"elementor-widget-container\">\n\t\t\t<h3 class=\"elementor-heading-title elementor-size-default\">02<\/h3>\t\t<\/div>\n\t\t\t\t<\/div>\n\t\t\t\t<\/div>\n\t\t<div class=\"elementor-element elementor-element-397c3d3a e-con-full e-flex e-con e-child\" data-id=\"397c3d3a\" data-element_type=\"container\">\n\t\t\t\t<div class=\"elementor-element elementor-element-79fe7c9c elementor-widget elementor-widget-heading\" data-id=\"79fe7c9c\" data-element_type=\"widget\" data-widget_type=\"heading.default\">\n\t\t\t\t<div class=\"elementor-widget-container\">\n\t\t\t<h4 class=\"elementor-heading-title elementor-size-default\">Dise\u00f1o e instalaci\u00f3n <\/h4>\t\t<\/div>\n\t\t\t\t<\/div>\n\t\t\t\t<\/div>\n\t\t\t\t<\/div>\n\t\t<div class=\"elementor-element elementor-element-4d00cb6 e-con-full e-flex e-con e-child\" data-id=\"4d00cb6\" data-element_type=\"container\">\n\t\t<div class=\"elementor-element elementor-element-56f1d057 e-con-full e-flex e-con e-child\" data-id=\"56f1d057\" data-element_type=\"container\">\n\t\t\t\t<div class=\"elementor-element elementor-element-557028ef elementor-widget elementor-widget-heading\" data-id=\"557028ef\" data-element_type=\"widget\" data-widget_type=\"heading.default\">\n\t\t\t\t<div class=\"elementor-widget-container\">\n\t\t\t<h3 class=\"elementor-heading-title elementor-size-default\">03<\/h3>\t\t<\/div>\n\t\t\t\t<\/div>\n\t\t\t\t<\/div>\n\t\t<div class=\"elementor-element elementor-element-246480e8 e-con-full e-flex e-con e-child\" data-id=\"246480e8\" data-element_type=\"container\">\n\t\t\t\t<div class=\"elementor-element elementor-element-52e25cb1 elementor-widget elementor-widget-heading\" data-id=\"52e25cb1\" data-element_type=\"widget\" data-widget_type=\"heading.default\">\n\t\t\t\t<div class=\"elementor-widget-container\">\n\t\t\t<h4 class=\"elementor-heading-title elementor-size-default\">Activaci\u00f3n y soporte continuo<\/h4>\t\t<\/div>\n\t\t\t\t<\/div>\n\t\t\t\t<\/div>\n\t\t\t\t<\/div>\n\t\t\t\t\t<\/div>\n\t\t\t\t<\/div>\n\t\t<div class=\"elementor-element elementor-element-1450105b e-flex e-con-boxed e-con e-child\" data-id=\"1450105b\" data-element_type=\"container\">\n\t\t\t\t\t<div class=\"e-con-inner\">\n\t\t\t\t<div class=\"elementor-element elementor-element-a8dbfc7 elementor-widget elementor-widget-image\" data-id=\"a8dbfc7\" data-element_type=\"widget\" data-widget_type=\"image.default\">\n\t\t\t\t<div class=\"elementor-widget-container\">\n\t\t\t\t\t\t\t\t\t\t\t\t\t<img decoding=\"async\" width=\"1280\" height=\"719\" src=\"https:\/\/sustentapro.cl\/wp-content\/uploads\/2024\/11\/WhatsApp-Image-2024-11-18-at-17.36.59.jpeg\" class=\"attachment-full size-full wp-image-247\" alt=\"\" srcset=\"https:\/\/sustentapro.cl\/wp-content\/uploads\/2024\/11\/WhatsApp-Image-2024-11-18-at-17.36.59.jpeg 1280w, https:\/\/sustentapro.cl\/wp-content\/uploads\/2024\/11\/WhatsApp-Image-2024-11-18-at-17.36.59-300x169.jpeg 300w, https:\/\/sustentapro.cl\/wp-content\/uploads\/2024\/11\/WhatsApp-Image-2024-11-18-at-17.36.59-1024x575.jpeg 1024w, https:\/\/sustentapro.cl\/wp-content\/uploads\/2024\/11\/WhatsApp-Image-2024-11-18-at-17.36.59-768x431.jpeg 768w\" sizes=\"(max-width: 1280px) 100vw, 1280px\" \/>\t\t\t\t\t\t\t\t\t\t\t\t\t<\/div>\n\t\t\t\t<\/div>\n\t\t<div class=\"elementor-element elementor-element-5a876d1a e-con-full e-flex e-con e-child\" data-id=\"5a876d1a\" data-element_type=\"container\" data-settings=\"{&quot;background_background&quot;:&quot;classic&quot;,&quot;position&quot;:&quot;absolute&quot;}\">\n\t\t\t\t<div class=\"elementor-element elementor-element-3c0ca83 elementor-view-stacked elementor-shape-circle elementor-position-top elementor-mobile-position-top elementor-widget elementor-widget-icon-box\" data-id=\"3c0ca83\" data-element_type=\"widget\" data-widget_type=\"icon-box.default\">\n\t\t\t\t<div class=\"elementor-widget-container\">\n\t\t\t\t\t<div class=\"elementor-icon-box-wrapper\">\n\n\t\t\t\t\t\t<div class=\"elementor-icon-box-icon\">\n\t\t\t\t<span  class=\"elementor-icon elementor-animation-\">\n\t\t\t\t<svg aria-hidden=\"true\" class=\"e-font-icon-svg e-fas-phone-alt\" viewBox=\"0 0 512 512\" xmlns=\"http:\/\/www.w3.org\/2000\/svg\"><path d=\"M497.39 361.8l-112-48a24 24 0 0 0-28 6.9l-49.6 60.6A370.66 370.66 0 0 1 130.6 204.11l60.6-49.6a23.94 23.94 0 0 0 6.9-28l-48-112A24.16 24.16 0 0 0 122.6.61l-104 24A24 24 0 0 0 0 48c0 256.5 207.9 464 464 464a24 24 0 0 0 23.4-18.6l24-104a24.29 24.29 0 0 0-14.01-27.6z\"><\/path><\/svg>\t\t\t\t<\/span>\n\t\t\t<\/div>\n\t\t\t\n\t\t\t\t\t\t<div class=\"elementor-icon-box-content\">\n\n\t\t\t\t\t\t\t\t\t<p class=\"elementor-icon-box-title\">\n\t\t\t\t\t\t<span  >\n\t\t\t\t\t\t\tLlamanos \t\t\t\t\t\t<\/span>\n\t\t\t\t\t<\/p>\n\t\t\t\t\n\t\t\t\t\t\t\t\t\t<p class=\"elementor-icon-box-description\">\n\t\t\t\t\t\t+56940843212\t\t\t\t\t<\/p>\n\t\t\t\t\n\t\t\t<\/div>\n\t\t\t\n\t\t<\/div>\n\t\t\t\t<\/div>\n\t\t\t\t<\/div>\n\t\t\t\t<\/div>\n\t\t\t\t\t<\/div>\n\t\t\t\t<\/div>\n\t\t\t\t\t<\/div>\n\t\t\t\t<\/div>\n\t\t\t\t<\/div>\n\t\t","protected":false},"excerpt":{"rendered":"<p>Nosotros Home &gt; Nosotros A\u00f1os Nosotros Energ\u00eda sostenible, infinitas posibilidades En Sustentapro SPA, somos especialistas en soluciones constructivas y de mantenimiento en instalaciones electromec\u00e1nicas, con un fuerte enfoque en proyectos de energ\u00edas renovables. Nuestro compromiso es ofrecer servicios de excelencia, cuidando el medio ambiente y superando las expectativas de nuestros clientes. 20+ Proyectos realizados Contamos [&hellip;]<\/p>\n","protected":false},"author":1,"featured_media":0,"parent":0,"menu_order":0,"comment_status":"closed","ping_status":"closed","template":"","meta":{"_joinchat":[],"footnotes":""},"class_list":["post-263","page","type-page","status-publish","hentry"],"_links":{"self":[{"href":"https:\/\/sustentapro.cl\/index.php\/wp-json\/wp\/v2\/pages\/263","targetHints":{"allow":["GET"]}}],"collection":[{"href":"https:\/\/sustentapro.cl\/index.php\/wp-json\/wp\/v2\/pages"}],"about":[{"href":"https:\/\/sustentapro.cl\/index.php\/wp-json\/wp\/v2\/types\/page"}],"author":[{"embeddable":true,"href":"https:\/\/sustentapro.cl\/index.php\/wp-json\/wp\/v2\/users\/1"}],"replies":[{"embeddable":true,"href":"https:\/\/sustentapro.cl\/index.php\/wp-json\/wp\/v2\/comments?post=263"}],"version-history":[{"count":16,"href":"https:\/\/sustentapro.cl\/index.php\/wp-json\/wp\/v2\/pages\/263\/revisions"}],"predecessor-version":[{"id":361,"href":"https:\/\/sustentapro.cl\/index.php\/wp-json\/wp\/v2\/pages\/263\/revisions\/361"}],"wp:attachment":[{"href":"https:\/\/sustentapro.cl\/index.php\/wp-json\/wp\/v2\/media?parent=263"}],"curies":[{"name":"wp","href":"https:\/\/api.w.org\/{rel}","templated":true}]}}